{"id":36,"date":"2023-03-10T21:09:01","date_gmt":"2023-03-10T20:09:01","guid":{"rendered":"http:\/\/williamchevillon.fr\/?page_id=36"},"modified":"2025-07-31T10:38:48","modified_gmt":"2025-07-31T08:38:48","slug":"le-cv","status":"publish","type":"page","link":"https:\/\/williamchevillon.fr\/index.php\/le-cv\/","title":{"rendered":"\u00c0 propos &#8211; le CV"},"content":{"rendered":"\n<p>Chercheur, artiste-auteur et m\u00e9diateur culturel attir\u00e9 par le spectacle vivant, l&rsquo;art contemporain, le patrimoine et les paysages.<\/p>\n\n\n\n<figure class=\"wp-block-image size-large\"><img fetchpriority=\"high\" decoding=\"async\" width=\"1024\" height=\"682\" src=\"https:\/\/williamchevillon.fr\/wp-content\/uploads\/2023\/03\/William-Chevillon-et-Philippe-Ramette-cliche-Philippe-Bertheau-2014-1024x682.jpg\" alt=\"\" class=\"wp-image-248\" srcset=\"https:\/\/williamchevillon.fr\/wp-content\/uploads\/2023\/03\/William-Chevillon-et-Philippe-Ramette-cliche-Philippe-Bertheau-2014-1024x682.jpg 1024w, https:\/\/williamchevillon.fr\/wp-content\/uploads\/2023\/03\/William-Chevillon-et-Philippe-Ramette-cliche-Philippe-Bertheau-2014-300x200.jpg 300w, https:\/\/williamchevillon.fr\/wp-content\/uploads\/2023\/03\/William-Chevillon-et-Philippe-Ramette-cliche-Philippe-Bertheau-2014-768x512.jpg 768w, https:\/\/williamchevillon.fr\/wp-content\/uploads\/2023\/03\/William-Chevillon-et-Philippe-Ramette-cliche-Philippe-Bertheau-2014-1200x799.jpg 1200w, https:\/\/williamchevillon.fr\/wp-content\/uploads\/2023\/03\/William-Chevillon-et-Philippe-Ramette-cliche-Philippe-Bertheau-2014.jpg 1276w\" sizes=\"(max-width: 1024px) 100vw, 1024px\" \/><figcaption class=\"wp-element-caption\">Avec Philippe Ramette, clich\u00e9 Philippe Bertheau<\/figcaption><\/figure>\n\n\n\n<p>Mes publications et articles scientifiques portent sur des unit\u00e9s urbaines telles Fontenay-le-Comte et La Roche-sur-Yon, des domaines artistiques modernes et contemporains, des ensembles et registres architecturaux mais \u00e9galement sur l&rsquo;art dans l&rsquo;espace public (1 % artistique, Commande publique, etc.) en lien avec un travail d&rsquo;inventaire et de recherches men\u00e9 sur ce sujet depuis 2009.<\/p>\n\n\n\n<p>Auteur, correspondant de presse et chroniqueur\/intervenant audiovisuel (Arte, Radio France, RCF, France 3&#8230;), j&rsquo;\u00e9cris pour la presse quotidienne r\u00e9gionale, parfois \u00e9galement pour des revues de diffusion locale ou nationale selon les commandes qui me sont faites. <\/p>\n\n\n\n<p>Une partie de mes travaux sont \u00e9dit\u00e9s par le CVRH, dont le conseil scientifique \u00e9mane de Sorbonne Universit\u00e9.<\/p>\n\n\n\n<p>J&rsquo;\u00e9volue entre le Grand Ouest et le Val de Loire, parfois Paris. Je musarde souvent en Vend\u00e9e, Loire-Atlantique, Morbihan, Deux-S\u00e8vres, Charente-Maritime, Indre-et-Loire, Maine-et-Loire, Vienne, dans la Manche&#8230;<\/p>\n\n\n\n<p><\/p>\n\n\n\n<p>Ce site a pour vocation de regrouper certains de mes \u00e9crits culturels, quelques actualit\u00e9s, mais \u00e9galement des billets de blog plus personnels.<\/p>\n\n\n\n<figure class=\"wp-block-image size-full\"><a href=\"https:\/\/williamchevillon.fr\/wp-content\/uploads\/2025\/07\/William-Chevillon-11.png\" target=\"_blank\" rel=\"noreferrer noopener\"><img decoding=\"async\" width=\"1414\" height=\"2000\" src=\"https:\/\/williamchevillon.fr\/wp-content\/uploads\/2025\/07\/William-Chevillon-11.png\" alt=\"William Chevillon N\u00e9 en 1992 alors que disparaissait Antenne 2 A eu son bac litt\u00e9raire en 2011, a \u00c9tudi\u00c9 le tourisme, est dipl\u00f4m\u00e9 ssiap, a son permis b ET TOUS SES POINTS AIME la musique pop, le patrimoine, l'art contemporain, l'urbanisme, le cin\u00e9ma, le spectacle vivant, observer les paysages, chanter anne sylvestre sous la douche... A FAIT SA PREMI\u00c8re visite guid\u00e9e \u00e0 l'\u00e2ge de 14 ans, est engag\u00e9 dans les domaines de la culture et du handicap A beaucoup travaill\u00e9 en vend\u00e9e mais est curieux de tous les lieux a pour leitmotiv le fait de cr\u00e9er le lien entre lE PATRIMOINE CULTUREL d'un territoire et les personnes qui s'y trouvent peut pRATIQUEr L'ANGLAIS ET L'ESPAGNOL \u00e0 l'\u00e9crit comme \u00e0 l'oral, le poitevin-saintongeais en soir\u00e9e, a des notions d'italien, latin et grec ancien a travaill\u00e9\/travaille pour : le grand r (sc\u00e8ne nationale de la roche-sur-yon), ARTABAN, familles rurales, patrimoine yonnais, monuments historiques management, l'\u00e9cole de design nantes-atlantique, diff\u00e9rentes collectivit\u00e9s, associations ou compagnies th\u00e9\u00e2trales \u00e9crit\/a \u00e9crit\/intervient\/est intervenu pour : ouest-france, REVUE VMF, arte, france 3, Ici, RCF, tv vend\u00e9e, diff\u00e9rentes revues scientifiques... a publi\u00e9 sur : l'histoire et le patrimoine de fontenay-le-comte EN deux ouvrages pour les \u00e9ditions du cvrh (conseil scientifique sorbonne UNIVERSIT\u00e9) et du ch\u00e2teau de terre-neuve. A pr\u00e9fac\u00e9 un livre d\u2019architecture et Pr\u00e9pare UN NOUVEL OPUS SUR l\u2019art dans l'espace public AUTEUR, CHERCHEUR, M\u00c9DIATEUR CULTUREL, conf\u00e9rencier Gestionnaire et diffuseur de productions culturelles Portrait : Fabrice Hyber - Mise \u00e0 jour : mars 2025\" class=\"wp-image-906\" srcset=\"https:\/\/williamchevillon.fr\/wp-content\/uploads\/2025\/07\/William-Chevillon-11.png 1414w, https:\/\/williamchevillon.fr\/wp-content\/uploads\/2025\/07\/William-Chevillon-11-212x300.png 212w, https:\/\/williamchevillon.fr\/wp-content\/uploads\/2025\/07\/William-Chevillon-11-724x1024.png 724w, https:\/\/williamchevillon.fr\/wp-content\/uploads\/2025\/07\/William-Chevillon-11-768x1086.png 768w, https:\/\/williamchevillon.fr\/wp-content\/uploads\/2025\/07\/William-Chevillon-11-1086x1536.png 1086w, https:\/\/williamchevillon.fr\/wp-content\/uploads\/2025\/07\/William-Chevillon-11-1200x1697.png 1200w\" sizes=\"(max-width: 1414px) 100vw, 1414px\" \/><\/a><\/figure>\n\n\n\n<figure class=\"wp-block-image size-large\"><img decoding=\"async\" width=\"683\" height=\"1024\" src=\"https:\/\/williamchevillon.fr\/wp-content\/uploads\/2025\/07\/IMG_5224-683x1024.jpg\" alt=\"Portrait William Chevillon devant biblioth\u00e8que\" class=\"wp-image-907\" srcset=\"https:\/\/williamchevillon.fr\/wp-content\/uploads\/2025\/07\/IMG_5224-683x1024.jpg 683w, https:\/\/williamchevillon.fr\/wp-content\/uploads\/2025\/07\/IMG_5224-200x300.jpg 200w, https:\/\/williamchevillon.fr\/wp-content\/uploads\/2025\/07\/IMG_5224-768x1152.jpg 768w, https:\/\/williamchevillon.fr\/wp-content\/uploads\/2025\/07\/IMG_5224-1024x1536.jpg 1024w, https:\/\/williamchevillon.fr\/wp-content\/uploads\/2025\/07\/IMG_5224-1365x2048.jpg 1365w, https:\/\/williamchevillon.fr\/wp-content\/uploads\/2025\/07\/IMG_5224-1200x1800.jpg 1200w, https:\/\/williamchevillon.fr\/wp-content\/uploads\/2025\/07\/IMG_5224-1980x2970.jpg 1980w, https:\/\/williamchevillon.fr\/wp-content\/uploads\/2025\/07\/IMG_5224-scaled.jpg 1707w\" sizes=\"(max-width: 683px) 100vw, 683px\" \/><\/figure>\n\n\n\n<p>Contact mail : williamchevillon[at]laposte.net<\/p>\n","protected":false},"excerpt":{"rendered":"<p>Chercheur, artiste-auteur et m\u00e9diateur culturel attir\u00e9 par le spectacle vivant, l&rsquo;art contemporain, le patrimoine et les paysages. Mes publications et articles scientifiques portent sur des unit\u00e9s urbaines telles Fontenay-le-Comte et La Roche-sur-Yon, des domaines artistiques modernes et contemporains, des ensembles et registres architecturaux mais \u00e9galement sur l&rsquo;art dans l&rsquo;espace public (1 % artistique, Commande publique, [&hellip;]<\/p>\n","protected":false},"author":1,"featured_media":0,"parent":0,"menu_order":0,"comment_status":"closed","ping_status":"closed","template":"","meta":{"footnotes":""},"class_list":["post-36","page","type-page","status-publish","hentry"],"yoast_head":"<!-- This site is optimized with the Yoast SEO plugin v27.3 - https:\/\/yoast.com\/product\/yoast-seo-wordpress\/ -->\n<title>\u00c0 propos - le CV - William Chevillon<\/title>\n<meta name=\"description\" content=\"William Chevillon. Chercheur, artiste-auteur et m\u00e9diateur culturel attir\u00e9 par le spectacle vivant, l&#039;art contemporain, le patrimoine et les paysages. \u00c0 propos - le CV\" \/>\n<meta name=\"robots\" content=\"index, follow, max-snippet:-1, max-image-preview:large, max-video-preview:-1\" \/>\n<link rel=\"canonical\" href=\"https:\/\/williamchevillon.fr\/index.php\/le-cv\/\" \/>\n<meta property=\"og:locale\" content=\"fr_FR\" \/>\n<meta property=\"og:type\" content=\"article\" \/>\n<meta property=\"og:title\" content=\"\u00c0 propos - le CV - William Chevillon\" \/>\n<meta property=\"og:description\" content=\"William Chevillon. Chercheur, artiste-auteur et m\u00e9diateur culturel attir\u00e9 par le spectacle vivant, l&#039;art contemporain, le patrimoine et les paysages. \u00c0 propos - le CV\" \/>\n<meta property=\"og:url\" content=\"https:\/\/williamchevillon.fr\/index.php\/le-cv\/\" \/>\n<meta property=\"og:site_name\" content=\"William Chevillon\" \/>\n<meta property=\"article:publisher\" content=\"https:\/\/www.facebook.com\/WilliamChevillonPro\" \/>\n<meta property=\"article:modified_time\" content=\"2025-07-31T08:38:48+00:00\" \/>\n<meta property=\"og:image\" content=\"https:\/\/williamchevillon.fr\/wp-content\/uploads\/2023\/03\/IMG_9445-scaled.jpg\" \/>\n\t<meta property=\"og:image:width\" content=\"2560\" \/>\n\t<meta property=\"og:image:height\" content=\"1707\" \/>\n\t<meta property=\"og:image:type\" content=\"image\/jpeg\" \/>\n<meta name=\"twitter:card\" content=\"summary_large_image\" \/>\n<meta name=\"twitter:image\" content=\"https:\/\/williamchevillon.fr\/wp-content\/uploads\/2023\/03\/IMG_9445-scaled.jpg\" \/>\n<meta name=\"twitter:label1\" content=\"Dur\u00e9e de lecture estim\u00e9e\" \/>\n\t<meta name=\"twitter:data1\" content=\"2 minutes\" \/>\n<script type=\"application\/ld+json\" class=\"yoast-schema-graph\">{\"@context\":\"https:\\\/\\\/schema.org\",\"@graph\":[{\"@type\":\"WebPage\",\"@id\":\"https:\\\/\\\/williamchevillon.fr\\\/index.php\\\/le-cv\\\/\",\"url\":\"https:\\\/\\\/williamchevillon.fr\\\/index.php\\\/le-cv\\\/\",\"name\":\"\u00c0 propos - le CV - William Chevillon\",\"isPartOf\":{\"@id\":\"https:\\\/\\\/williamchevillon.fr\\\/#website\"},\"primaryImageOfPage\":{\"@id\":\"https:\\\/\\\/williamchevillon.fr\\\/index.php\\\/le-cv\\\/#primaryimage\"},\"image\":{\"@id\":\"https:\\\/\\\/williamchevillon.fr\\\/index.php\\\/le-cv\\\/#primaryimage\"},\"thumbnailUrl\":\"https:\\\/\\\/williamchevillon.fr\\\/wp-content\\\/uploads\\\/2023\\\/03\\\/William-Chevillon-et-Philippe-Ramette-cliche-Philippe-Bertheau-2014-1024x682.jpg\",\"datePublished\":\"2023-03-10T20:09:01+00:00\",\"dateModified\":\"2025-07-31T08:38:48+00:00\",\"description\":\"William Chevillon. Chercheur, artiste-auteur et m\u00e9diateur culturel attir\u00e9 par le spectacle vivant, l'art contemporain, le patrimoine et les paysages. \u00c0 propos - le CV\",\"breadcrumb\":{\"@id\":\"https:\\\/\\\/williamchevillon.fr\\\/index.php\\\/le-cv\\\/#breadcrumb\"},\"inLanguage\":\"fr-FR\",\"potentialAction\":[{\"@type\":\"ReadAction\",\"target\":[\"https:\\\/\\\/williamchevillon.fr\\\/index.php\\\/le-cv\\\/\"]}]},{\"@type\":\"ImageObject\",\"inLanguage\":\"fr-FR\",\"@id\":\"https:\\\/\\\/williamchevillon.fr\\\/index.php\\\/le-cv\\\/#primaryimage\",\"url\":\"https:\\\/\\\/williamchevillon.fr\\\/wp-content\\\/uploads\\\/2023\\\/03\\\/William-Chevillon-et-Philippe-Ramette-cliche-Philippe-Bertheau-2014.jpg\",\"contentUrl\":\"https:\\\/\\\/williamchevillon.fr\\\/wp-content\\\/uploads\\\/2023\\\/03\\\/William-Chevillon-et-Philippe-Ramette-cliche-Philippe-Bertheau-2014.jpg\",\"width\":1276,\"height\":850},{\"@type\":\"BreadcrumbList\",\"@id\":\"https:\\\/\\\/williamchevillon.fr\\\/index.php\\\/le-cv\\\/#breadcrumb\",\"itemListElement\":[{\"@type\":\"ListItem\",\"position\":1,\"name\":\"Accueil\",\"item\":\"https:\\\/\\\/williamchevillon.fr\\\/\"},{\"@type\":\"ListItem\",\"position\":2,\"name\":\"\u00c0 propos &#8211; le CV\"}]},{\"@type\":\"WebSite\",\"@id\":\"https:\\\/\\\/williamchevillon.fr\\\/#website\",\"url\":\"https:\\\/\\\/williamchevillon.fr\\\/\",\"name\":\"William Chevillon\",\"description\":\"\u00ab Il n&#039;est pas dit qu&#039;en \u00e9crivant on assure le salut de son \u00e2me. \u00bb Italo Calvino\",\"publisher\":{\"@id\":\"https:\\\/\\\/williamchevillon.fr\\\/#organization\"},\"potentialAction\":[{\"@type\":\"SearchAction\",\"target\":{\"@type\":\"EntryPoint\",\"urlTemplate\":\"https:\\\/\\\/williamchevillon.fr\\\/?s={search_term_string}\"},\"query-input\":{\"@type\":\"PropertyValueSpecification\",\"valueRequired\":true,\"valueName\":\"search_term_string\"}}],\"inLanguage\":\"fr-FR\"},{\"@type\":\"Organization\",\"@id\":\"https:\\\/\\\/williamchevillon.fr\\\/#organization\",\"name\":\"William Chevillon\",\"url\":\"https:\\\/\\\/williamchevillon.fr\\\/\",\"logo\":{\"@type\":\"ImageObject\",\"inLanguage\":\"fr-FR\",\"@id\":\"https:\\\/\\\/williamchevillon.fr\\\/#\\\/schema\\\/logo\\\/image\\\/\",\"url\":\"https:\\\/\\\/williamchevillon.fr\\\/wp-content\\\/uploads\\\/2023\\\/03\\\/26881283122_9faaa7b2c2_k.jpg\",\"contentUrl\":\"https:\\\/\\\/williamchevillon.fr\\\/wp-content\\\/uploads\\\/2023\\\/03\\\/26881283122_9faaa7b2c2_k.jpg\",\"width\":2048,\"height\":1153,\"caption\":\"William Chevillon\"},\"image\":{\"@id\":\"https:\\\/\\\/williamchevillon.fr\\\/#\\\/schema\\\/logo\\\/image\\\/\"},\"sameAs\":[\"https:\\\/\\\/www.facebook.com\\\/WilliamChevillonPro\",\"https:\\\/\\\/instagram.com\\\/chevillonw\"]}]}<\/script>\n<!-- \/ Yoast SEO plugin. -->","yoast_head_json":{"title":"\u00c0 propos - le CV - William Chevillon","description":"William Chevillon. Chercheur, artiste-auteur et m\u00e9diateur culturel attir\u00e9 par le spectacle vivant, l'art contemporain, le patrimoine et les paysages. \u00c0 propos - le CV","robots":{"index":"index","follow":"follow","max-snippet":"max-snippet:-1","max-image-preview":"max-image-preview:large","max-video-preview":"max-video-preview:-1"},"canonical":"https:\/\/williamchevillon.fr\/index.php\/le-cv\/","og_locale":"fr_FR","og_type":"article","og_title":"\u00c0 propos - le CV - William Chevillon","og_description":"William Chevillon. Chercheur, artiste-auteur et m\u00e9diateur culturel attir\u00e9 par le spectacle vivant, l'art contemporain, le patrimoine et les paysages. \u00c0 propos - le CV","og_url":"https:\/\/williamchevillon.fr\/index.php\/le-cv\/","og_site_name":"William Chevillon","article_publisher":"https:\/\/www.facebook.com\/WilliamChevillonPro","article_modified_time":"2025-07-31T08:38:48+00:00","og_image":[{"width":2560,"height":1707,"url":"https:\/\/williamchevillon.fr\/wp-content\/uploads\/2023\/03\/IMG_9445-scaled.jpg","type":"image\/jpeg"}],"twitter_card":"summary_large_image","twitter_image":"https:\/\/williamchevillon.fr\/wp-content\/uploads\/2023\/03\/IMG_9445-scaled.jpg","twitter_misc":{"Dur\u00e9e de lecture estim\u00e9e":"2 minutes"},"schema":{"@context":"https:\/\/schema.org","@graph":[{"@type":"WebPage","@id":"https:\/\/williamchevillon.fr\/index.php\/le-cv\/","url":"https:\/\/williamchevillon.fr\/index.php\/le-cv\/","name":"\u00c0 propos - le CV - William Chevillon","isPartOf":{"@id":"https:\/\/williamchevillon.fr\/#website"},"primaryImageOfPage":{"@id":"https:\/\/williamchevillon.fr\/index.php\/le-cv\/#primaryimage"},"image":{"@id":"https:\/\/williamchevillon.fr\/index.php\/le-cv\/#primaryimage"},"thumbnailUrl":"https:\/\/williamchevillon.fr\/wp-content\/uploads\/2023\/03\/William-Chevillon-et-Philippe-Ramette-cliche-Philippe-Bertheau-2014-1024x682.jpg","datePublished":"2023-03-10T20:09:01+00:00","dateModified":"2025-07-31T08:38:48+00:00","description":"William Chevillon. Chercheur, artiste-auteur et m\u00e9diateur culturel attir\u00e9 par le spectacle vivant, l'art contemporain, le patrimoine et les paysages. \u00c0 propos - le CV","breadcrumb":{"@id":"https:\/\/williamchevillon.fr\/index.php\/le-cv\/#breadcrumb"},"inLanguage":"fr-FR","potentialAction":[{"@type":"ReadAction","target":["https:\/\/williamchevillon.fr\/index.php\/le-cv\/"]}]},{"@type":"ImageObject","inLanguage":"fr-FR","@id":"https:\/\/williamchevillon.fr\/index.php\/le-cv\/#primaryimage","url":"https:\/\/williamchevillon.fr\/wp-content\/uploads\/2023\/03\/William-Chevillon-et-Philippe-Ramette-cliche-Philippe-Bertheau-2014.jpg","contentUrl":"https:\/\/williamchevillon.fr\/wp-content\/uploads\/2023\/03\/William-Chevillon-et-Philippe-Ramette-cliche-Philippe-Bertheau-2014.jpg","width":1276,"height":850},{"@type":"BreadcrumbList","@id":"https:\/\/williamchevillon.fr\/index.php\/le-cv\/#breadcrumb","itemListElement":[{"@type":"ListItem","position":1,"name":"Accueil","item":"https:\/\/williamchevillon.fr\/"},{"@type":"ListItem","position":2,"name":"\u00c0 propos &#8211; le CV"}]},{"@type":"WebSite","@id":"https:\/\/williamchevillon.fr\/#website","url":"https:\/\/williamchevillon.fr\/","name":"William Chevillon","description":"\u00ab Il n&#039;est pas dit qu&#039;en \u00e9crivant on assure le salut de son \u00e2me. \u00bb Italo Calvino","publisher":{"@id":"https:\/\/williamchevillon.fr\/#organization"},"potentialAction":[{"@type":"SearchAction","target":{"@type":"EntryPoint","urlTemplate":"https:\/\/williamchevillon.fr\/?s={search_term_string}"},"query-input":{"@type":"PropertyValueSpecification","valueRequired":true,"valueName":"search_term_string"}}],"inLanguage":"fr-FR"},{"@type":"Organization","@id":"https:\/\/williamchevillon.fr\/#organization","name":"William Chevillon","url":"https:\/\/williamchevillon.fr\/","logo":{"@type":"ImageObject","inLanguage":"fr-FR","@id":"https:\/\/williamchevillon.fr\/#\/schema\/logo\/image\/","url":"https:\/\/williamchevillon.fr\/wp-content\/uploads\/2023\/03\/26881283122_9faaa7b2c2_k.jpg","contentUrl":"https:\/\/williamchevillon.fr\/wp-content\/uploads\/2023\/03\/26881283122_9faaa7b2c2_k.jpg","width":2048,"height":1153,"caption":"William Chevillon"},"image":{"@id":"https:\/\/williamchevillon.fr\/#\/schema\/logo\/image\/"},"sameAs":["https:\/\/www.facebook.com\/WilliamChevillonPro","https:\/\/instagram.com\/chevillonw"]}]}},"_links":{"self":[{"href":"https:\/\/williamchevillon.fr\/index.php\/wp-json\/wp\/v2\/pages\/36","targetHints":{"allow":["GET"]}}],"collection":[{"href":"https:\/\/williamchevillon.fr\/index.php\/wp-json\/wp\/v2\/pages"}],"about":[{"href":"https:\/\/williamchevillon.fr\/index.php\/wp-json\/wp\/v2\/types\/page"}],"author":[{"embeddable":true,"href":"https:\/\/williamchevillon.fr\/index.php\/wp-json\/wp\/v2\/users\/1"}],"replies":[{"embeddable":true,"href":"https:\/\/williamchevillon.fr\/index.php\/wp-json\/wp\/v2\/comments?post=36"}],"version-history":[{"count":18,"href":"https:\/\/williamchevillon.fr\/index.php\/wp-json\/wp\/v2\/pages\/36\/revisions"}],"predecessor-version":[{"id":908,"href":"https:\/\/williamchevillon.fr\/index.php\/wp-json\/wp\/v2\/pages\/36\/revisions\/908"}],"wp:attachment":[{"href":"https:\/\/williamchevillon.fr\/index.php\/wp-json\/wp\/v2\/media?parent=36"}],"curies":[{"name":"wp","href":"https:\/\/api.w.org\/{rel}","templated":true}]}}