{"id":230,"date":"2023-03-11T12:48:01","date_gmt":"2023-03-11T11:48:01","guid":{"rendered":"https:\/\/williamchevillon.fr\/?page_id=230"},"modified":"2024-06-14T15:50:28","modified_gmt":"2024-06-14T13:50:28","slug":"publications","status":"publish","type":"page","link":"https:\/\/williamchevillon.fr\/index.php\/publications\/","title":{"rendered":"Publications"},"content":{"rendered":"\n<div class=\"wp-block-group alignfull\"><div class=\"wp-block-group__inner-container is-layout-constrained wp-block-group-is-layout-constrained\">\n<h2 class=\"wp-block-heading has-text-align-center\">110 ans de cin\u00e9ma rue Gouvion<\/h2>\n\n\n\n<figure class=\"wp-block-image size-large\"><img fetchpriority=\"high\" decoding=\"async\" width=\"730\" height=\"1024\" src=\"https:\/\/williamchevillon.fr\/wp-content\/uploads\/2024\/06\/premiere-couverture-110-ans-de-cinema-rue-gouvion-william-chevillon-1-730x1024.jpg\" alt=\"\" class=\"wp-image-821\" srcset=\"https:\/\/williamchevillon.fr\/wp-content\/uploads\/2024\/06\/premiere-couverture-110-ans-de-cinema-rue-gouvion-william-chevillon-1-730x1024.jpg 730w, https:\/\/williamchevillon.fr\/wp-content\/uploads\/2024\/06\/premiere-couverture-110-ans-de-cinema-rue-gouvion-william-chevillon-1-214x300.jpg 214w, https:\/\/williamchevillon.fr\/wp-content\/uploads\/2024\/06\/premiere-couverture-110-ans-de-cinema-rue-gouvion-william-chevillon-1-768x1078.jpg 768w, https:\/\/williamchevillon.fr\/wp-content\/uploads\/2024\/06\/premiere-couverture-110-ans-de-cinema-rue-gouvion-william-chevillon-1-1094x1536.jpg 1094w, https:\/\/williamchevillon.fr\/wp-content\/uploads\/2024\/06\/premiere-couverture-110-ans-de-cinema-rue-gouvion-william-chevillon-1-1459x2048.jpg 1459w, https:\/\/williamchevillon.fr\/wp-content\/uploads\/2024\/06\/premiere-couverture-110-ans-de-cinema-rue-gouvion-william-chevillon-1-1200x1684.jpg 1200w, https:\/\/williamchevillon.fr\/wp-content\/uploads\/2024\/06\/premiere-couverture-110-ans-de-cinema-rue-gouvion-william-chevillon-1.jpg 1566w\" sizes=\"(max-width: 730px) 100vw, 730px\" \/><\/figure>\n\n\n\n<p>Livret publi\u00e9 \u00e0 la suite d\u2019une lecture donn\u00e9e au cin\u00e9ma Concorde de<br>La Roche-sur-Yon avant son d\u00e9m\u00e9nagement. Un texte voulu comme<br>une nouvelle entre r\u00e9cit historique et rapport sensible.<\/p>\n\n\n\n<p>Horizons personnels, anecdotes et faits r\u00e9els pour entrer dans un<br>morceau d\u2019histoire du cin\u00e9ma \u00e0 La Roche-sur-Yon. Un point de vue<br>comme chacun peut s\u2019en cr\u00e9er sur un lieu embl\u00e9matique.<\/p>\n\n\n\n<p>\u00ab C\u2019est l\u2019histoire d\u2019un cin\u00e9ma dans la ville et de la ville en regard du cin\u00e9ma. Le cin\u00e9ma par rapport \u00e0 la ville et \u00e0 ses habitants, les bouleversant parfois, \u00e0 leur rythme dans d\u2019autres cas. \u00bb<\/p>\n\n\n\n<blockquote class=\"wp-block-quote is-layout-flow wp-block-quote-is-layout-flow\">\n<p><strong>Disponible \u00e0 la librairie Agora <\/strong>(La Roche-sur-Yon) <strong>et par contact aupr\u00e8s de l\u2019auteur<\/strong> (3 \u20ac de frais de port \u00e9ventuel en sus).<\/p>\n\n\n\n<p>Disponible aupr\u00e8s de l\u2019auteur pour tout libraire en faisant la demande.<\/p>\n\n\n\n<p><em>Ann\u00e9e de parution : 2024 \u00b7 Prix public : 3 \u20ac \u00b7 ISBN : 979-10-415-4904-7<\/em><\/p>\n<\/blockquote>\n\n\n\n<h2 class=\"wp-block-heading alignfull has-text-align-center .add-remove-bottom-space {  margin-bottom: 0; }\">Notre-Dame de Fontenay-le-Comte<\/h2>\n<\/div><\/div>\n\n\n\n<h3 class=\"wp-block-heading alignwide has-text-align-center\">Un monument dans son territoire<\/h3>\n\n\n\n<figure class=\"wp-block-image size-large\"><img decoding=\"async\" width=\"1024\" height=\"709\" src=\"https:\/\/williamchevillon.fr\/wp-content\/uploads\/2023\/03\/Notre-Dame-de-Fontenay-le-Comte-un-monument-dans-son-territoire-William-Chevillon-2023.-Vendee-Histoire-patrimoine-1024x709.jpg\" alt=\"\" class=\"wp-image-567\" srcset=\"https:\/\/williamchevillon.fr\/wp-content\/uploads\/2023\/03\/Notre-Dame-de-Fontenay-le-Comte-un-monument-dans-son-territoire-William-Chevillon-2023.-Vendee-Histoire-patrimoine-1024x709.jpg 1024w, https:\/\/williamchevillon.fr\/wp-content\/uploads\/2023\/03\/Notre-Dame-de-Fontenay-le-Comte-un-monument-dans-son-territoire-William-Chevillon-2023.-Vendee-Histoire-patrimoine-300x208.jpg 300w, https:\/\/williamchevillon.fr\/wp-content\/uploads\/2023\/03\/Notre-Dame-de-Fontenay-le-Comte-un-monument-dans-son-territoire-William-Chevillon-2023.-Vendee-Histoire-patrimoine-768x532.jpg 768w, https:\/\/williamchevillon.fr\/wp-content\/uploads\/2023\/03\/Notre-Dame-de-Fontenay-le-Comte-un-monument-dans-son-territoire-William-Chevillon-2023.-Vendee-Histoire-patrimoine-1536x1063.jpg 1536w, https:\/\/williamchevillon.fr\/wp-content\/uploads\/2023\/03\/Notre-Dame-de-Fontenay-le-Comte-un-monument-dans-son-territoire-William-Chevillon-2023.-Vendee-Histoire-patrimoine-2048x1417.jpg 2048w, https:\/\/williamchevillon.fr\/wp-content\/uploads\/2023\/03\/Notre-Dame-de-Fontenay-le-Comte-un-monument-dans-son-territoire-William-Chevillon-2023.-Vendee-Histoire-patrimoine-1200x831.jpg 1200w, https:\/\/williamchevillon.fr\/wp-content\/uploads\/2023\/03\/Notre-Dame-de-Fontenay-le-Comte-un-monument-dans-son-territoire-William-Chevillon-2023.-Vendee-Histoire-patrimoine-1980x1370.jpg 1980w\" sizes=\"(max-width: 1024px) 100vw, 1024px\" \/><\/figure>\n\n\n\n<p>Visible \u00e0 des kilom\u00e8tres, l\u2019\u00e9glise Notre-Dame est, plus encore que le symbole, la silhouette de Fontenay-le-Comte. Elle est \u00e9galement un monument repr\u00e9sentatif de tout un territoire. Important chantier d\u2019architecture religieuse du XV<sup>e<\/sup> si\u00e8cle, Notre-Dame est devenue par sa fl\u00e8che l\u2019une des plus hautes constructions m\u00e9di\u00e9vales de l\u2019Ouest de la France. <\/p>\n\n\n\n<p>De sa crypte romane aux derni\u00e8res restaurations, l\u2019\u00e9difice est un marqueur de pierre et de verre essentiel dans l\u2019histoire de l\u2019art en Vend\u00e9e et en Poitou. Ici en sont livr\u00e9s tous les secrets et les derni\u00e8res analyses.<\/p>\n\n\n\n<blockquote class=\"wp-block-quote is-layout-flow wp-block-quote-is-layout-flow\">\n<p><em>\u00c9diteur : Centre vend\u00e9en de recherches historiques ; ISBN : 9782491575199 ;  Ann\u00e9e de parution : 202<\/em>3 ; <em>Prix public :  10 \u20ac TTC<\/em><\/p>\n<\/blockquote>\n\n\n\n<h2 class=\"wp-block-heading alignfull has-text-align-center\">Le ch\u00e2teau de Terre-Neuve<\/h2>\n\n\n\n<h3 class=\"wp-block-heading alignwide has-text-align-center\">Histoire . \u00c9volutions . Collections<\/h3>\n\n\n\n<figure class=\"wp-block-image size-large\"><img decoding=\"async\" width=\"1024\" height=\"683\" src=\"https:\/\/williamchevillon.fr\/wp-content\/uploads\/2023\/03\/FTdJNCyX0AIZ0gC-1024x683.jpg\" alt=\"\" class=\"wp-image-303\" srcset=\"https:\/\/williamchevillon.fr\/wp-content\/uploads\/2023\/03\/FTdJNCyX0AIZ0gC-1024x683.jpg 1024w, https:\/\/williamchevillon.fr\/wp-content\/uploads\/2023\/03\/FTdJNCyX0AIZ0gC-300x200.jpg 300w, https:\/\/williamchevillon.fr\/wp-content\/uploads\/2023\/03\/FTdJNCyX0AIZ0gC-768x512.jpg 768w, https:\/\/williamchevillon.fr\/wp-content\/uploads\/2023\/03\/FTdJNCyX0AIZ0gC-1536x1025.jpg 1536w, https:\/\/williamchevillon.fr\/wp-content\/uploads\/2023\/03\/FTdJNCyX0AIZ0gC-2048x1367.jpg 2048w, https:\/\/williamchevillon.fr\/wp-content\/uploads\/2023\/03\/FTdJNCyX0AIZ0gC-1200x801.jpg 1200w, https:\/\/williamchevillon.fr\/wp-content\/uploads\/2023\/03\/FTdJNCyX0AIZ0gC-1980x1321.jpg 1980w\" sizes=\"(max-width: 1024px) 100vw, 1024px\" \/><\/figure>\n\n\n\n<p>Par William Chevillon et Claire Guillermic. Une approche chronologique bas\u00e9e sur des sources reconsid\u00e9r\u00e9es et parfois nouvelles.<\/p>\n\n\n\n<p>Une production qui s&rsquo;inscrit dans le prolongement de travaux scientifiques men\u00e9s depuis depuis des ann\u00e9es par Ad\u00e9lie Avril, Marie-Th\u00e9r\u00e8se R\u00e9au, Claire Guillermic, Richard <a><\/a>Levesque, moi-m\u00eame, etc. Ces recherches permettent aujourd&rsquo;hui d&rsquo;\u00e9tayer la connaissance et de la rendre plus lisible au regard du territoire et de l&rsquo;histoire de l&rsquo;art ou des monuments.<\/p>\n\n\n\n<p>Une \u00e9tape de plus dans le processus patrimonial et touristique engag\u00e9 en 1974 et qui conna\u00eet de beaux d\u00e9veloppements depuis 2018.<\/p>\n\n\n\n<p>Disponible aupr\u00e8s du ch\u00e2teau et \u00e0 l&rsquo;office de tourisme de Fontenay-le-Comte. Site du ch\u00e2teau : <a href=\"https:\/\/chateau-terreneuve.com\/\" target=\"_blank\" rel=\"noreferrer noopener\">https:\/\/chateau-terreneuve.com\/<\/a><\/p>\n\n\n\n<blockquote class=\"wp-block-quote is-layout-flow wp-block-quote-is-layout-flow\">\n<p class=\"p { margin: 0 0 40px; }\"><em>\u00c9diteur : Ch\u00e2teau de Terre-Neuve ; ISBN : 9782957937103 ;  Ann\u00e9e de parution : 202<\/em>2 ; <em>Prix public :  10 \u20ac TTC<\/em> <\/p>\n<\/blockquote>\n\n\n\n<h2 class=\"wp-block-heading alignwide has-text-align-center\">\u00c0 la d\u00e9couverte de Fontenay-le-Comte<\/h2>\n\n\n\n<figure class=\"wp-block-embed is-type-video is-provider-youtube wp-block-embed-youtube wp-embed-aspect-16-9 wp-has-aspect-ratio\"><div class=\"wp-block-embed__wrapper\">\n<iframe title=\"\u00c0 la d\u00e9couverte de Fontenay-le-Comte, pr\u00e9sentation du livre\" width=\"580\" height=\"326\" src=\"https:\/\/www.youtube.com\/embed\/unetH2JvNQg?feature=oembed\" frameborder=\"0\" allow=\"accelerometer; autoplay; clipboard-write; encrypted-media; gyroscope; picture-in-picture; web-share\" referrerpolicy=\"strict-origin-when-cross-origin\" allowfullscreen><\/iframe>\n<\/div><\/figure>\n\n\n\n<p>Plus qu\u2019une ancienne capitale, celle du Bas-Poitou, Fontenay-le-Comte est une ville nimb\u00e9e d\u2019une lumi\u00e8re douce et constell\u00e9e de richesses architecturales qui en font une cit\u00e9 \u00e0 la fois attachante, humaine et de grande importance patrimoniale. Parler de Fontenay-le-Comte se r\u00e9sume souvent \u00e0 \u00e9voquer les figures humanistes du XVI<sup>e<\/sup>&nbsp;si\u00e8cle et \u00e0 y associer un \u00ab<strong>\u202f&nbsp;<\/strong>\u00e2ge d\u2019or \u00bb pour la ville. La r\u00e9alit\u00e9 est bien plus complexe avec une situation politique et \u00e9conomique tr\u00e8s confortable d\u00e8s le Moyen \u00c2ge ainsi qu\u2019une physionomie architecturale et urbaine h\u00e9rit\u00e9e des&nbsp;<strong>\u202f<\/strong>XVII<sup>e<\/sup>&nbsp;et XVIII<sup>e<\/sup><strong>\u202f&nbsp;<\/strong>si\u00e8cles. Ville de passage, de foires et d\u2019enjeux politiques, Fontenay-le-Comte est \u00e9galement un exemple type de l\u2019\u00e9volution d\u2019une petite cit\u00e9 provinciale face \u00e0 de grands courants nationaux et europ\u00e9ens.<\/p>\n\n\n\n<p>Ce livre se veut une porte d\u2019entr\u00e9e pour la d\u00e9couverte de Fontenay, de son histoire et de son patrimoine, dont la connaissance ne cesse de s\u2019enrichir.<\/p>\n\n\n\n<p>Site de l&rsquo;\u00e9diteur :<a href=\"https:\/\/www.histoire-vendee.com\/ouvrage\/a-la-decouverte-de-fontenay-le-comte\/\" target=\"_blank\" rel=\"noreferrer noopener\"> https:\/\/www.histoire-vendee.com\/ouvrage\/a-la-decouverte-de-fontenay-le-comte\/<\/a><\/p>\n\n\n\n<blockquote class=\"wp-block-quote is-layout-flow wp-block-quote-is-layout-flow\">\n<p class=\"has-small-font-size\"><em>\u00c9diteur : Centre vend\u00e9en de recherches historiques ; ISBN : 9782491575007 ;  Ann\u00e9e de parution : 2020<\/em> ; <em>Prix public :  16 \u20ac TTC<\/em><\/p>\n<\/blockquote>\n","protected":false},"excerpt":{"rendered":"<p>110 ans de cin\u00e9ma rue Gouvion Livret publi\u00e9 \u00e0 la suite d\u2019une lecture donn\u00e9e au cin\u00e9ma Concorde deLa Roche-sur-Yon avant son d\u00e9m\u00e9nagement. Un texte voulu commeune nouvelle entre r\u00e9cit historique et rapport sensible. Horizons personnels, anecdotes et faits r\u00e9els pour entrer dans unmorceau d\u2019histoire du cin\u00e9ma \u00e0 La Roche-sur-Yon. Un point de vuecomme chacun peut [&hellip;]<\/p>\n","protected":false},"author":1,"featured_media":0,"parent":0,"menu_order":0,"comment_status":"closed","ping_status":"closed","template":"","meta":{"footnotes":""},"class_list":["post-230","page","type-page","status-publish","hentry"],"yoast_head":"<!-- This site is optimized with the Yoast SEO plugin v27.4 - https:\/\/yoast.com\/product\/yoast-seo-wordpress\/ -->\n<title>Publications - William Chevillon<\/title>\n<meta name=\"description\" content=\"Histoire de l&#039;art et patrimoine, dernier ouvrage publi\u00e9 aux \u00e9ditions du CVRH (conseil scientifique Sorbonne Universit\u00e9). William Chevillon\" \/>\n<meta name=\"robots\" content=\"index, follow, max-snippet:-1, max-image-preview:large, max-video-preview:-1\" \/>\n<link rel=\"canonical\" href=\"https:\/\/williamchevillon.fr\/index.php\/publications\/\" \/>\n<meta property=\"og:locale\" content=\"fr_FR\" \/>\n<meta property=\"og:type\" content=\"article\" \/>\n<meta property=\"og:title\" content=\"Publications - William Chevillon\" \/>\n<meta property=\"og:description\" content=\"Histoire de l&#039;art et patrimoine, dernier ouvrage publi\u00e9 aux \u00e9ditions du CVRH (conseil scientifique Sorbonne Universit\u00e9). William Chevillon\" \/>\n<meta property=\"og:url\" content=\"https:\/\/williamchevillon.fr\/index.php\/publications\/\" \/>\n<meta property=\"og:site_name\" content=\"William Chevillon\" \/>\n<meta property=\"article:publisher\" content=\"https:\/\/www.facebook.com\/WilliamChevillonPro\" \/>\n<meta property=\"article:modified_time\" content=\"2024-06-14T13:50:28+00:00\" \/>\n<meta property=\"og:image\" content=\"https:\/\/williamchevillon.fr\/wp-content\/uploads\/2023\/03\/Notre-Dame-Fontenay-le-Comte-un-monument-dans-son-territoire-livre-William-Chevillon.jpg\" \/>\n\t<meta property=\"og:image:width\" content=\"1341\" \/>\n\t<meta property=\"og:image:height\" content=\"968\" \/>\n\t<meta property=\"og:image:type\" content=\"image\/jpeg\" \/>\n<meta name=\"twitter:card\" content=\"summary_large_image\" \/>\n<meta name=\"twitter:image\" content=\"https:\/\/williamchevillon.fr\/wp-content\/uploads\/2023\/03\/Notre-Dame-Fontenay-le-Comte-un-monument-dans-son-territoire-livre-William-Chevillon.jpg\" \/>\n<meta name=\"twitter:label1\" content=\"Dur\u00e9e de lecture estim\u00e9e\" \/>\n\t<meta name=\"twitter:data1\" content=\"3 minutes\" \/>\n<script type=\"application\/ld+json\" class=\"yoast-schema-graph\">{\"@context\":\"https:\\\/\\\/schema.org\",\"@graph\":[{\"@type\":\"WebPage\",\"@id\":\"https:\\\/\\\/williamchevillon.fr\\\/index.php\\\/publications\\\/\",\"url\":\"https:\\\/\\\/williamchevillon.fr\\\/index.php\\\/publications\\\/\",\"name\":\"Publications - William Chevillon\",\"isPartOf\":{\"@id\":\"https:\\\/\\\/williamchevillon.fr\\\/#website\"},\"primaryImageOfPage\":{\"@id\":\"https:\\\/\\\/williamchevillon.fr\\\/index.php\\\/publications\\\/#primaryimage\"},\"image\":{\"@id\":\"https:\\\/\\\/williamchevillon.fr\\\/index.php\\\/publications\\\/#primaryimage\"},\"thumbnailUrl\":\"https:\\\/\\\/williamchevillon.fr\\\/wp-content\\\/uploads\\\/2024\\\/06\\\/premiere-couverture-110-ans-de-cinema-rue-gouvion-william-chevillon-1-730x1024.jpg\",\"datePublished\":\"2023-03-11T11:48:01+00:00\",\"dateModified\":\"2024-06-14T13:50:28+00:00\",\"description\":\"Histoire de l'art et patrimoine, dernier ouvrage publi\u00e9 aux \u00e9ditions du CVRH (conseil scientifique Sorbonne Universit\u00e9). William Chevillon\",\"breadcrumb\":{\"@id\":\"https:\\\/\\\/williamchevillon.fr\\\/index.php\\\/publications\\\/#breadcrumb\"},\"inLanguage\":\"fr-FR\",\"potentialAction\":[{\"@type\":\"ReadAction\",\"target\":[\"https:\\\/\\\/williamchevillon.fr\\\/index.php\\\/publications\\\/\"]}]},{\"@type\":\"ImageObject\",\"inLanguage\":\"fr-FR\",\"@id\":\"https:\\\/\\\/williamchevillon.fr\\\/index.php\\\/publications\\\/#primaryimage\",\"url\":\"https:\\\/\\\/williamchevillon.fr\\\/wp-content\\\/uploads\\\/2024\\\/06\\\/premiere-couverture-110-ans-de-cinema-rue-gouvion-william-chevillon-1.jpg\",\"contentUrl\":\"https:\\\/\\\/williamchevillon.fr\\\/wp-content\\\/uploads\\\/2024\\\/06\\\/premiere-couverture-110-ans-de-cinema-rue-gouvion-william-chevillon-1.jpg\",\"width\":1566,\"height\":2198,\"caption\":\"Premi\u00e8re de couverture 110 ans de cin\u00e9ma rue Gouvion par William Chevillon. Le Concorde La Roche-sur-Yon\"},{\"@type\":\"BreadcrumbList\",\"@id\":\"https:\\\/\\\/williamchevillon.fr\\\/index.php\\\/publications\\\/#breadcrumb\",\"itemListElement\":[{\"@type\":\"ListItem\",\"position\":1,\"name\":\"Accueil\",\"item\":\"https:\\\/\\\/williamchevillon.fr\\\/\"},{\"@type\":\"ListItem\",\"position\":2,\"name\":\"Publications\"}]},{\"@type\":\"WebSite\",\"@id\":\"https:\\\/\\\/williamchevillon.fr\\\/#website\",\"url\":\"https:\\\/\\\/williamchevillon.fr\\\/\",\"name\":\"William Chevillon\",\"description\":\"\u00ab Il n&#039;est pas dit qu&#039;en \u00e9crivant on assure le salut de son \u00e2me. \u00bb Italo Calvino\",\"publisher\":{\"@id\":\"https:\\\/\\\/williamchevillon.fr\\\/#organization\"},\"potentialAction\":[{\"@type\":\"SearchAction\",\"target\":{\"@type\":\"EntryPoint\",\"urlTemplate\":\"https:\\\/\\\/williamchevillon.fr\\\/?s={search_term_string}\"},\"query-input\":{\"@type\":\"PropertyValueSpecification\",\"valueRequired\":true,\"valueName\":\"search_term_string\"}}],\"inLanguage\":\"fr-FR\"},{\"@type\":\"Organization\",\"@id\":\"https:\\\/\\\/williamchevillon.fr\\\/#organization\",\"name\":\"William Chevillon\",\"url\":\"https:\\\/\\\/williamchevillon.fr\\\/\",\"logo\":{\"@type\":\"ImageObject\",\"inLanguage\":\"fr-FR\",\"@id\":\"https:\\\/\\\/williamchevillon.fr\\\/#\\\/schema\\\/logo\\\/image\\\/\",\"url\":\"https:\\\/\\\/williamchevillon.fr\\\/wp-content\\\/uploads\\\/2023\\\/03\\\/26881283122_9faaa7b2c2_k.jpg\",\"contentUrl\":\"https:\\\/\\\/williamchevillon.fr\\\/wp-content\\\/uploads\\\/2023\\\/03\\\/26881283122_9faaa7b2c2_k.jpg\",\"width\":2048,\"height\":1153,\"caption\":\"William Chevillon\"},\"image\":{\"@id\":\"https:\\\/\\\/williamchevillon.fr\\\/#\\\/schema\\\/logo\\\/image\\\/\"},\"sameAs\":[\"https:\\\/\\\/www.facebook.com\\\/WilliamChevillonPro\",\"https:\\\/\\\/instagram.com\\\/chevillonw\"]}]}<\/script>\n<!-- \/ Yoast SEO plugin. -->","yoast_head_json":{"title":"Publications - William Chevillon","description":"Histoire de l'art et patrimoine, dernier ouvrage publi\u00e9 aux \u00e9ditions du CVRH (conseil scientifique Sorbonne Universit\u00e9). William Chevillon","robots":{"index":"index","follow":"follow","max-snippet":"max-snippet:-1","max-image-preview":"max-image-preview:large","max-video-preview":"max-video-preview:-1"},"canonical":"https:\/\/williamchevillon.fr\/index.php\/publications\/","og_locale":"fr_FR","og_type":"article","og_title":"Publications - William Chevillon","og_description":"Histoire de l'art et patrimoine, dernier ouvrage publi\u00e9 aux \u00e9ditions du CVRH (conseil scientifique Sorbonne Universit\u00e9). William Chevillon","og_url":"https:\/\/williamchevillon.fr\/index.php\/publications\/","og_site_name":"William Chevillon","article_publisher":"https:\/\/www.facebook.com\/WilliamChevillonPro","article_modified_time":"2024-06-14T13:50:28+00:00","og_image":[{"width":1341,"height":968,"url":"https:\/\/williamchevillon.fr\/wp-content\/uploads\/2023\/03\/Notre-Dame-Fontenay-le-Comte-un-monument-dans-son-territoire-livre-William-Chevillon.jpg","type":"image\/jpeg"}],"twitter_card":"summary_large_image","twitter_image":"https:\/\/williamchevillon.fr\/wp-content\/uploads\/2023\/03\/Notre-Dame-Fontenay-le-Comte-un-monument-dans-son-territoire-livre-William-Chevillon.jpg","twitter_misc":{"Dur\u00e9e de lecture estim\u00e9e":"3 minutes"},"schema":{"@context":"https:\/\/schema.org","@graph":[{"@type":"WebPage","@id":"https:\/\/williamchevillon.fr\/index.php\/publications\/","url":"https:\/\/williamchevillon.fr\/index.php\/publications\/","name":"Publications - William Chevillon","isPartOf":{"@id":"https:\/\/williamchevillon.fr\/#website"},"primaryImageOfPage":{"@id":"https:\/\/williamchevillon.fr\/index.php\/publications\/#primaryimage"},"image":{"@id":"https:\/\/williamchevillon.fr\/index.php\/publications\/#primaryimage"},"thumbnailUrl":"https:\/\/williamchevillon.fr\/wp-content\/uploads\/2024\/06\/premiere-couverture-110-ans-de-cinema-rue-gouvion-william-chevillon-1-730x1024.jpg","datePublished":"2023-03-11T11:48:01+00:00","dateModified":"2024-06-14T13:50:28+00:00","description":"Histoire de l'art et patrimoine, dernier ouvrage publi\u00e9 aux \u00e9ditions du CVRH (conseil scientifique Sorbonne Universit\u00e9). William Chevillon","breadcrumb":{"@id":"https:\/\/williamchevillon.fr\/index.php\/publications\/#breadcrumb"},"inLanguage":"fr-FR","potentialAction":[{"@type":"ReadAction","target":["https:\/\/williamchevillon.fr\/index.php\/publications\/"]}]},{"@type":"ImageObject","inLanguage":"fr-FR","@id":"https:\/\/williamchevillon.fr\/index.php\/publications\/#primaryimage","url":"https:\/\/williamchevillon.fr\/wp-content\/uploads\/2024\/06\/premiere-couverture-110-ans-de-cinema-rue-gouvion-william-chevillon-1.jpg","contentUrl":"https:\/\/williamchevillon.fr\/wp-content\/uploads\/2024\/06\/premiere-couverture-110-ans-de-cinema-rue-gouvion-william-chevillon-1.jpg","width":1566,"height":2198,"caption":"Premi\u00e8re de couverture 110 ans de cin\u00e9ma rue Gouvion par William Chevillon. Le Concorde La Roche-sur-Yon"},{"@type":"BreadcrumbList","@id":"https:\/\/williamchevillon.fr\/index.php\/publications\/#breadcrumb","itemListElement":[{"@type":"ListItem","position":1,"name":"Accueil","item":"https:\/\/williamchevillon.fr\/"},{"@type":"ListItem","position":2,"name":"Publications"}]},{"@type":"WebSite","@id":"https:\/\/williamchevillon.fr\/#website","url":"https:\/\/williamchevillon.fr\/","name":"William Chevillon","description":"\u00ab Il n&#039;est pas dit qu&#039;en \u00e9crivant on assure le salut de son \u00e2me. \u00bb Italo Calvino","publisher":{"@id":"https:\/\/williamchevillon.fr\/#organization"},"potentialAction":[{"@type":"SearchAction","target":{"@type":"EntryPoint","urlTemplate":"https:\/\/williamchevillon.fr\/?s={search_term_string}"},"query-input":{"@type":"PropertyValueSpecification","valueRequired":true,"valueName":"search_term_string"}}],"inLanguage":"fr-FR"},{"@type":"Organization","@id":"https:\/\/williamchevillon.fr\/#organization","name":"William Chevillon","url":"https:\/\/williamchevillon.fr\/","logo":{"@type":"ImageObject","inLanguage":"fr-FR","@id":"https:\/\/williamchevillon.fr\/#\/schema\/logo\/image\/","url":"https:\/\/williamchevillon.fr\/wp-content\/uploads\/2023\/03\/26881283122_9faaa7b2c2_k.jpg","contentUrl":"https:\/\/williamchevillon.fr\/wp-content\/uploads\/2023\/03\/26881283122_9faaa7b2c2_k.jpg","width":2048,"height":1153,"caption":"William Chevillon"},"image":{"@id":"https:\/\/williamchevillon.fr\/#\/schema\/logo\/image\/"},"sameAs":["https:\/\/www.facebook.com\/WilliamChevillonPro","https:\/\/instagram.com\/chevillonw"]}]}},"_links":{"self":[{"href":"https:\/\/williamchevillon.fr\/index.php\/wp-json\/wp\/v2\/pages\/230","targetHints":{"allow":["GET"]}}],"collection":[{"href":"https:\/\/williamchevillon.fr\/index.php\/wp-json\/wp\/v2\/pages"}],"about":[{"href":"https:\/\/williamchevillon.fr\/index.php\/wp-json\/wp\/v2\/types\/page"}],"author":[{"embeddable":true,"href":"https:\/\/williamchevillon.fr\/index.php\/wp-json\/wp\/v2\/users\/1"}],"replies":[{"embeddable":true,"href":"https:\/\/williamchevillon.fr\/index.php\/wp-json\/wp\/v2\/comments?post=230"}],"version-history":[{"count":27,"href":"https:\/\/williamchevillon.fr\/index.php\/wp-json\/wp\/v2\/pages\/230\/revisions"}],"predecessor-version":[{"id":824,"href":"https:\/\/williamchevillon.fr\/index.php\/wp-json\/wp\/v2\/pages\/230\/revisions\/824"}],"wp:attachment":[{"href":"https:\/\/williamchevillon.fr\/index.php\/wp-json\/wp\/v2\/media?parent=230"}],"curies":[{"name":"wp","href":"https:\/\/api.w.org\/{rel}","templated":true}]}}